{"id":8,"date":"2018-12-25T07:57:09","date_gmt":"2018-12-25T06:57:09","guid":{"rendered":"https:\/\/metafina.playground.techadia.com\/?page_id=8"},"modified":"2026-02-26T11:32:39","modified_gmt":"2026-02-26T10:32:39","slug":"willkommen","status":"publish","type":"page","link":"https:\/\/www.metafina.de\/en\/","title":{"rendered":"Welcome"},"content":{"rendered":"<div data-elementor-type=\"wp-post\" data-elementor-id=\"8\" class=\"elementor elementor-8\">\n\t\t\t\t\t\t<div class=\"elementor-inner\">\n\t\t\t\t<div class=\"elementor-section-wrap\">\n\t\t\t\t\t\t\t\t\t<section class=\"elementor-section elementor-top-section elementor-element elementor-element-97e6f3e elementor-section-boxed elementor-section-height-default elementor-section-height-default\" data-id=\"97e6f3e\" data-element_type=\"section\">\n\t\t\t\t\t\t<div class=\"elementor-container elementor-column-gap-default\">\n\t\t\t\t\t\t\t<div class=\"elementor-row\">\n\t\t\t\t\t<div class=\"elementor-column elementor-col-100 elementor-top-column elementor-element elementor-element-8a19d07\" data-id=\"8a19d07\" data-element_type=\"column\">\n\t\t\t<div class=\"elementor-column-wrap elementor-element-populated\">\n\t\t\t\t\t\t\t<div class=\"elementor-widget-wrap\">\n\t\t\t\t\t\t<div class=\"elementor-element elementor-element-d99fb91 elementor-widget elementor-widget-heading\" data-id=\"d99fb91\" data-element_type=\"widget\" data-widget_type=\"heading.default\">\n\t\t\t\t<div class=\"elementor-widget-container\">\n\t\t\t<h1 class=\"elementor-heading-title elementor-size-default\">Welcome at our website<\/h1>\t\t<\/div>\n\t\t\t\t<\/div>\n\t\t\t\t\t\t<\/div>\n\t\t\t\t\t<\/div>\n\t\t<\/div>\n\t\t\t\t\t\t\t\t<\/div>\n\t\t\t\t\t<\/div>\n\t\t<\/section>\n\t\t\t\t<section class=\"elementor-section elementor-top-section elementor-element elementor-element-60b0eb0 elementor-section-boxed elementor-section-height-default elementor-section-height-default\" data-id=\"60b0eb0\" data-element_type=\"section\">\n\t\t\t\t\t\t<div class=\"elementor-container elementor-column-gap-default\">\n\t\t\t\t\t\t\t<div class=\"elementor-row\">\n\t\t\t\t\t<div class=\"elementor-column elementor-col-33 elementor-top-column elementor-element elementor-element-b553d4e\" data-id=\"b553d4e\" data-element_type=\"column\">\n\t\t\t<div class=\"elementor-column-wrap elementor-element-populated\">\n\t\t\t\t\t\t\t<div class=\"elementor-widget-wrap\">\n\t\t\t\t\t\t<div class=\"elementor-element elementor-element-e1b7bcf elementor-widget elementor-widget-heading\" data-id=\"e1b7bcf\" data-element_type=\"widget\" data-widget_type=\"heading.default\">\n\t\t\t\t<div class=\"elementor-widget-container\">\n\t\t\t<h2 class=\"elementor-heading-title elementor-size-default\">Our corporation<\/h2>\t\t<\/div>\n\t\t\t\t<\/div>\n\t\t\t\t<div class=\"elementor-element elementor-element-c943426 elementor-widget elementor-widget-text-editor\" data-id=\"c943426\" data-element_type=\"widget\" data-widget_type=\"text-editor.default\">\n\t\t\t\t<div class=\"elementor-widget-container\">\n\t\t\t\t\t\t\t\t<div class=\"elementor-text-editor elementor-clearfix\">\n\t\t\t\t<p>Welcome to the homepage of Metafina GmbH.<\/p><p>Metafina GmbH specializes in the purchase of unlisted and illiquid securities and claims <\/p><p>\u00a0<\/p>\t\t\t\t\t<\/div>\n\t\t\t\t\t\t<\/div>\n\t\t\t\t<\/div>\n\t\t\t\t\t\t<\/div>\n\t\t\t\t\t<\/div>\n\t\t<\/div>\n\t\t\t\t<div class=\"elementor-column elementor-col-33 elementor-top-column elementor-element elementor-element-d64b9ac\" data-id=\"d64b9ac\" data-element_type=\"column\">\n\t\t\t<div class=\"elementor-column-wrap elementor-element-populated\">\n\t\t\t\t\t\t\t<div class=\"elementor-widget-wrap\">\n\t\t\t\t\t\t<div class=\"elementor-element elementor-element-c63b356 elementor-widget elementor-widget-text-editor\" data-id=\"c63b356\" data-element_type=\"widget\" data-widget_type=\"text-editor.default\">\n\t\t\t\t<div class=\"elementor-widget-container\">\n\t\t\t\t\t\t\t\t<div class=\"elementor-text-editor elementor-clearfix\">\n\t\t\t\t<h2>Our customers:<\/h2>\t\t\t\t\t<\/div>\n\t\t\t\t\t\t<\/div>\n\t\t\t\t<\/div>\n\t\t\t\t<div class=\"elementor-element elementor-element-e71b6f0 elementor-widget elementor-widget-text-editor\" data-id=\"e71b6f0\" data-element_type=\"widget\" data-widget_type=\"text-editor.default\">\n\t\t\t\t<div class=\"elementor-widget-container\">\n\t\t\t\t\t\t\t\t<div class=\"elementor-text-editor elementor-clearfix\">\n\t\t\t\t<p>When there is no stock market trading for certain securities, a sale is often difficult.<\/p><p>If you would like to sell securities or have questions, feel free to contact us via e-mail.<\/p>\t\t\t\t\t<\/div>\n\t\t\t\t\t\t<\/div>\n\t\t\t\t<\/div>\n\t\t\t\t\t\t<\/div>\n\t\t\t\t\t<\/div>\n\t\t<\/div>\n\t\t\t\t<div class=\"elementor-column elementor-col-33 elementor-top-column elementor-element elementor-element-b4db312\" data-id=\"b4db312\" data-element_type=\"column\">\n\t\t\t<div class=\"elementor-column-wrap elementor-element-populated\">\n\t\t\t\t\t\t\t<div class=\"elementor-widget-wrap\">\n\t\t\t\t\t\t<div class=\"elementor-element elementor-element-465d5f7 elementor-widget elementor-widget-heading\" data-id=\"465d5f7\" data-element_type=\"widget\" data-widget_type=\"heading.default\">\n\t\t\t\t<div class=\"elementor-widget-container\">\n\t\t\t<h2 class=\"elementor-heading-title elementor-size-default\">Current offers<\/h2>\t\t<\/div>\n\t\t\t\t<\/div>\n\t\t\t\t<div class=\"elementor-element elementor-element-5a6a287 elementor-widget elementor-widget-shortcode\" data-id=\"5a6a287\" data-element_type=\"widget\" data-widget_type=\"shortcode.default\">\n\t\t\t\t<div class=\"elementor-widget-container\">\n\t\t\t\t\t<div class=\"elementor-shortcode\">\n\t<div class=\"post-offer post-offer-short\">\n\t\t<h3>Kaufangebot von f\u00fcr Fondsanteile des Swiss Life Ref<\/h3>\n\t\t\n\n\t\tDeadline: <span class=\"nowrap\">18.05.2026<\/span><br \/>\n\t\t\n\t\t\t<a href=\"https:\/\/www.metafina.de\/wp-content\/uploads\/20260518-Swiss-Life.pdf\" target=\"_blank\">\n\t\t\t\t<button>View purchase offer<\/button>\n\t\t\t<\/a>\n\t\t\n            \n            \n        \n\t<\/div>\n\n\t<div class=\"post-offer post-offer-short\">\n\t\t<h3>Kaufangebot von f\u00fcr Aktien der Solidcore Resources plc<\/h3>\n\t\t\n\n\t\tDeadline: <span class=\"nowrap\">18.05.2026<\/span><br \/>\n\t\t\n\t\t\t<a href=\"https:\/\/www.metafina.de\/wp-content\/uploads\/20260518-Solidcore.pdf\" target=\"_blank\">\n\t\t\t\t<button>View purchase offer<\/button>\n\t\t\t<\/a>\n\t\t\n            \n            \n        \n\t<\/div>\n\n\t<div class=\"post-offer post-offer-short\">\n\t\t<h3>Kaufangebot f\u00fcr Fondsanteile des Mori Eastern European<\/h3>\n\t\t\n\n\t\tDeadline: <span class=\"nowrap\">19.05.2026<\/span><br \/>\n\t\t\n\t\t\t<a href=\"https:\/\/www.metafina.de\/wp-content\/uploads\/20260519-Mori-Eastern-Europe-Fund.pdf\" target=\"_blank\">\n\t\t\t\t<button>View purchase offer<\/button>\n\t\t\t<\/a>\n\t\t\n            \n            \n        \n\t<\/div>\n\n\t<div class=\"post-offer post-offer-short\">\n\t\t<h3>Kaufangebot von f\u00fcr Fondsanteile des Mori Ottoman<\/h3>\n\t\t\n\n\t\tDeadline: <span class=\"nowrap\">19.05.2026<\/span><br \/>\n\t\t\n\t\t\t<a href=\"https:\/\/www.metafina.de\/wp-content\/uploads\/20260519-Mori-Ottoman-Fund.pdf\" target=\"_blank\">\n\t\t\t\t<button>View purchase offer<\/button>\n\t\t\t<\/a>\n\t\t\n            \n            \n        \n\t<\/div>\n\n\t<div class=\"post-offer post-offer-short\">\n\t\t<h3>Kaufangebot von f\u00fcr Fondsanteile des UBS Lux Equity<\/h3>\n\t\t\n\n\t\tDeadline: <span class=\"nowrap\">20.05.2026<\/span><br \/>\n\t\t\n\t\t\t<a href=\"https:\/\/www.metafina.de\/wp-content\/uploads\/20260520-UBS-Lux-Equity-Russia-USD.pdf\" target=\"_blank\">\n\t\t\t\t<button>View purchase offer<\/button>\n\t\t\t<\/a>\n\t\t\n            \n            \n        \n\t<\/div>\n<\/div>\n\t\t\t\t<\/div>\n\t\t\t\t<\/div>\n\t\t\t\t\t\t<\/div>\n\t\t\t\t\t<\/div>\n\t\t<\/div>\n\t\t\t\t\t\t\t\t<\/div>\n\t\t\t\t\t<\/div>\n\t\t<\/section>\n\t\t\t\t\t\t\t\t\t<\/div>\n\t\t\t<\/div>\n\t\t\t\t\t<\/div>","protected":false},"excerpt":{"rendered":"<p>Willkommen bei der Metafina GmbH Die Gesellschaft: Herzlich willkommen auf der Homepage der Metafina GmbH. Die Metafina GmbH ist auf den Kauf nicht notierter und illiquider Wertpapiere und Anspr\u00fcche spezialisiert. \u00a0 Unsere Kunden: Findet ein B\u00f6rsenhandel f\u00fcr bestimmte Wertpapiere nicht statt, gestaltet sich ein Verkauf oft schwierig. Falls Sie Wertpapiere ver\u00e4u\u00dfern m\u00f6chten oder Fragen haben, &hellip;<\/p>\n<p class=\"read-more\"> <a class=\"\" href=\"https:\/\/www.metafina.de\/en\/\"> <span class=\"screen-reader-text\">Welcome<\/span>Read More &raquo;<\/a><\/p>","protected":false},"author":2,"featured_media":0,"parent":0,"menu_order":0,"comment_status":"closed","ping_status":"closed","template":"","meta":[],"acf":[],"_links":{"self":[{"href":"https:\/\/www.metafina.de\/en\/wp-json\/wp\/v2\/pages\/8"}],"collection":[{"href":"https:\/\/www.metafina.de\/en\/wp-json\/wp\/v2\/pages"}],"about":[{"href":"https:\/\/www.metafina.de\/en\/wp-json\/wp\/v2\/types\/page"}],"author":[{"embeddable":true,"href":"https:\/\/www.metafina.de\/en\/wp-json\/wp\/v2\/users\/2"}],"replies":[{"embeddable":true,"href":"https:\/\/www.metafina.de\/en\/wp-json\/wp\/v2\/comments?post=8"}],"version-history":[{"count":178,"href":"https:\/\/www.metafina.de\/en\/wp-json\/wp\/v2\/pages\/8\/revisions"}],"predecessor-version":[{"id":2466,"href":"https:\/\/www.metafina.de\/en\/wp-json\/wp\/v2\/pages\/8\/revisions\/2466"}],"wp:attachment":[{"href":"https:\/\/www.metafina.de\/en\/wp-json\/wp\/v2\/media?parent=8"}],"curies":[{"name":"wp","href":"https:\/\/api.w.org\/{rel}","templated":true}]}}