{"id":2394,"date":"2025-06-05T11:21:02","date_gmt":"2025-06-05T09:21:02","guid":{"rendered":"https:\/\/www.metafina.de\/?page_id=2394"},"modified":"2025-11-27T15:39:43","modified_gmt":"2025-11-27T14:39:43","slug":"erklaerung-barrierefreiheit","status":"publish","type":"page","link":"https:\/\/www.metafina.de\/en\/erklaerung-barrierefreiheit\/","title":{"rendered":"Erkl\u00e4rung Barrierefreiheit"},"content":{"rendered":"<h1>Erkl\u00e4rung zur Barrierefreiheit<\/h1>\n<p>Wir (die Metafina GmbH) als Websitebetreiber sind bem\u00fcht, unsere Website barrierefrei zu gestalten.<\/p>\n<p>Das Barrierefreiheitsgesetzes (BFSG) findet auf uns nach \u00a7 3 Abs. 3 BFSG jedoch keine Anwendung.<\/p>\n<h2>Website<\/h2>\n<p>Diese Erkl\u00e4rung zur Barrierefreiheit gilt f\u00fcr die Website <a href=\"https:\/\/www.metafina.de\/en\/\">http:\/\/metafina.de<\/a>.<\/p>\n<h2>Feedback und Kontaktangaben<\/h2>\n<p>Sind Ihnen M\u00e4ngel beim barrierefreien Zugang zu Inhalten auf unserer Website aufgefallen oder haben Sie Anmerkungen sowie Fragen zum barrierefreien Zugang? Melden Sie<br \/>\nsich gerne bei uns unter:<\/p>\n<p>Metafina GmbH<br \/>\nBramfelderstra\u00dfe 110b<br \/>\n22305 Hamburg<\/p>\n<p>info@metafina.de<\/p>\n<h2>Stand der Vereinbarkeit mit den Anforderungen<\/h2>\n<p>Diese Website ist vollst\u00e4ndig mit den f\u00fcr uns geltenden Vorschriften zur Barrierefreiheit vereinbar.<\/p>\n<p>Alle wesentlichen Inhalte werden in Textform bereitgestellt.<\/p>\n<h3>Barrierefreie Alternativen<\/h3>\n<p>F\u00fcr unsere nicht barrierefreien Inhalte stellen wir folgende<br \/>\nbarrierefreie Alternativen zur Verf\u00fcgung:<\/p>\n<p>Die Webseite der Metafina beinhalten Informationen \u00fcber von der Metafina GmbH ver\u00f6ffentlichte Kaufangebote. Die<br \/>\nUnterlagen werden als barrierefreie PDFs zur Verf\u00fcgung gestellt. Sollten hieraus aus etwaigen Gr\u00fcnden<br \/>\nnicht alle ben\u00f6tigten Informationen entnommen werden k\u00f6nnen, stehen wir unter der Email info@metafina.de<br \/>\nf\u00fcr alle Fragen zur Verf\u00fcgung.<\/p>\n<h3>Evaluationsmethode<\/h3>\n<p>Der Test der Webseite erfolgte mittels Lighthouse Dev Tools. Die Texte wurden<br \/>\nh\u00e4ndisch \u00fcberpr\u00fcft.<\/p>\n<h2>Sonstige Angaben zur Barrierefreiheit<\/h2>\n<p>Bitte kontaktieren Sie uns bei Bedarf oder Verbesserungsvorschl\u00e4gen.<br \/>\nDie Webseite der Metafina GmbH wird prim\u00e4r zur Bereitstellung von Informationen verwendet. Diese<br \/>\nk\u00f6nnen ohne das entsprechende Hintergrundwissen komplex sein. Gerne beantworten wir Ihre Fragen per<br \/>\nEmail.<\/p>\n<h2>Erstellung dieser Erkl\u00e4rung zur Barrierefreiheit<\/h2>\n<p>Diese Erkl\u00e4rung wurde am 05.06.2025 erstellt.<\/p>\n<p>Die Erkl\u00e4rung wurde zuletzt am 27.11.2025 \u00fcberpr\u00fcft.<\/p>","protected":false},"excerpt":{"rendered":"<p>Erkl\u00e4rung zur Barrierefreiheit Wir (die Metafina GmbH) als Websitebetreiber sind bem\u00fcht, unsere Website barrierefrei zu gestalten. Das Barrierefreiheitsgesetzes (BFSG) findet auf uns nach \u00a7 3 Abs. 3 BFSG jedoch keine Anwendung. Website Diese Erkl\u00e4rung zur Barrierefreiheit gilt f\u00fcr die Website http:\/\/metafina.de. Feedback und Kontaktangaben Sind Ihnen M\u00e4ngel beim barrierefreien Zugang zu Inhalten auf unserer Website &hellip;<\/p>\n<p class=\"read-more\"> <a class=\"\" href=\"https:\/\/www.metafina.de\/en\/erklaerung-barrierefreiheit\/\"> <span class=\"screen-reader-text\">Erkl\u00e4rung Barrierefreiheit<\/span>Read More &raquo;<\/a><\/p>","protected":false},"author":2,"featured_media":0,"parent":0,"menu_order":0,"comment_status":"closed","ping_status":"closed","template":"","meta":[],"acf":[],"_links":{"self":[{"href":"https:\/\/www.metafina.de\/en\/wp-json\/wp\/v2\/pages\/2394"}],"collection":[{"href":"https:\/\/www.metafina.de\/en\/wp-json\/wp\/v2\/pages"}],"about":[{"href":"https:\/\/www.metafina.de\/en\/wp-json\/wp\/v2\/types\/page"}],"author":[{"embeddable":true,"href":"https:\/\/www.metafina.de\/en\/wp-json\/wp\/v2\/users\/2"}],"replies":[{"embeddable":true,"href":"https:\/\/www.metafina.de\/en\/wp-json\/wp\/v2\/comments?post=2394"}],"version-history":[{"count":4,"href":"https:\/\/www.metafina.de\/en\/wp-json\/wp\/v2\/pages\/2394\/revisions"}],"predecessor-version":[{"id":2436,"href":"https:\/\/www.metafina.de\/en\/wp-json\/wp\/v2\/pages\/2394\/revisions\/2436"}],"wp:attachment":[{"href":"https:\/\/www.metafina.de\/en\/wp-json\/wp\/v2\/media?parent=2394"}],"curies":[{"name":"wp","href":"https:\/\/api.w.org\/{rel}","templated":true}]}}