{"id":12,"date":"2018-07-25T07:59:51","date_gmt":"2018-07-25T05:59:51","guid":{"rendered":"https:\/\/metafina.playground.techadia.com\/?page_id=12"},"modified":"2022-01-12T10:15:08","modified_gmt":"2022-01-12T09:15:08","slug":"kaufangebote","status":"publish","type":"page","link":"https:\/\/www.metafina.de\/en\/kaufangebote\/","title":{"rendered":"Tenderoffer"},"content":{"rendered":"<div data-elementor-type=\"wp-post\" data-elementor-id=\"12\" class=\"elementor elementor-12\">\n\t\t\t\t\t\t<div class=\"elementor-inner\">\n\t\t\t\t<div class=\"elementor-section-wrap\">\n\t\t\t\t\t\t\t\t\t<section class=\"elementor-section elementor-top-section elementor-element elementor-element-3918683 elementor-section-boxed elementor-section-height-default elementor-section-height-default\" data-id=\"3918683\" data-element_type=\"section\">\n\t\t\t\t\t\t<div class=\"elementor-container elementor-column-gap-default\">\n\t\t\t\t\t\t\t<div class=\"elementor-row\">\n\t\t\t\t\t<div class=\"elementor-column elementor-col-100 elementor-top-column elementor-element elementor-element-4f6a918\" data-id=\"4f6a918\" data-element_type=\"column\">\n\t\t\t<div class=\"elementor-column-wrap elementor-element-populated\">\n\t\t\t\t\t\t\t<div class=\"elementor-widget-wrap\">\n\t\t\t\t\t\t<div class=\"elementor-element elementor-element-46ad1d8 elementor-widget elementor-widget-heading\" data-id=\"46ad1d8\" data-element_type=\"widget\" data-widget_type=\"heading.default\">\n\t\t\t\t<div class=\"elementor-widget-container\">\n\t\t\t<h1 class=\"elementor-heading-title elementor-size-default\">We are currently buying these securities.<\/h1>\t\t<\/div>\n\t\t\t\t<\/div>\n\t\t\t\t\t\t<\/div>\n\t\t\t\t\t<\/div>\n\t\t<\/div>\n\t\t\t\t\t\t\t\t<\/div>\n\t\t\t\t\t<\/div>\n\t\t<\/section>\n\t\t\t\t<section class=\"elementor-section elementor-top-section elementor-element elementor-element-1a6820a elementor-section-boxed elementor-section-height-default elementor-section-height-default\" data-id=\"1a6820a\" data-element_type=\"section\">\n\t\t\t\t\t\t<div class=\"elementor-container elementor-column-gap-default\">\n\t\t\t\t\t\t\t<div class=\"elementor-row\">\n\t\t\t\t\t<div class=\"elementor-column elementor-col-100 elementor-top-column elementor-element elementor-element-e4da0ed\" data-id=\"e4da0ed\" data-element_type=\"column\">\n\t\t\t<div class=\"elementor-column-wrap elementor-element-populated\">\n\t\t\t\t\t\t\t<div class=\"elementor-widget-wrap\">\n\t\t\t\t\t\t<div class=\"elementor-element elementor-element-5d45636 elementor-widget elementor-widget-shortcode\" data-id=\"5d45636\" data-element_type=\"widget\" data-widget_type=\"shortcode.default\">\n\t\t\t\t<div class=\"elementor-widget-container\">\n\t\t\t\t\t<div class=\"elementor-shortcode\">\n\t<div class=\"post-offer\">\n\t\t<div class=\"ast-row\">\n\t\t\t<div class=\"ast-col-md-12\">\n\t\t\t\t<h2>Kaufangebot von f\u00fcr Fondsanteile des Swiss Life Ref<\/h2>\n\t\t\t<\/div>\n\t\t<\/div>\n\t\t<div class=\"ast-row\">\n\t\t\t\n\t\t\t<div class=\"ast-col-md-3\">\n\t\t\t\tDeadline: <span class=\"nowrap\">18.05.2026<\/span>\n\t\t\t<\/div>\n\t\t<\/div>\n\t\t<div class=\"ast-row\">\n\t\t\t<div class=\"ast-col-md-6\">\n\t\t\t\t\n\t\t\t\t\t<a href=\"https:\/\/www.metafina.de\/wp-content\/uploads\/20260518-Swiss-Life.pdf\" target=\"_blank\">\n\t\t\t\t\t\t<button>Komplettes Kaufangebot als PDF ansehen<\/button>\n\t\t\t\t\t<\/a>\n\t\t\t\t\n\t\t\t<\/div>\n            \n            \n\t\t<\/div>\n\t<\/div>\n\n\t<div class=\"post-offer\">\n\t\t<div class=\"ast-row\">\n\t\t\t<div class=\"ast-col-md-12\">\n\t\t\t\t<h2>Kaufangebot von f\u00fcr Aktien der Solidcore Resources plc<\/h2>\n\t\t\t<\/div>\n\t\t<\/div>\n\t\t<div class=\"ast-row\">\n\t\t\t\n\t\t\t<div class=\"ast-col-md-3\">\n\t\t\t\tDeadline: <span class=\"nowrap\">18.05.2026<\/span>\n\t\t\t<\/div>\n\t\t<\/div>\n\t\t<div class=\"ast-row\">\n\t\t\t<div class=\"ast-col-md-6\">\n\t\t\t\t\n\t\t\t\t\t<a href=\"https:\/\/www.metafina.de\/wp-content\/uploads\/20260518-Solidcore.pdf\" target=\"_blank\">\n\t\t\t\t\t\t<button>Komplettes Kaufangebot als PDF ansehen<\/button>\n\t\t\t\t\t<\/a>\n\t\t\t\t\n\t\t\t<\/div>\n            \n            \n\t\t<\/div>\n\t<\/div>\n\n\t<div class=\"post-offer\">\n\t\t<div class=\"ast-row\">\n\t\t\t<div class=\"ast-col-md-12\">\n\t\t\t\t<h2>Kaufangebot f\u00fcr Fondsanteile des Mori Eastern European<\/h2>\n\t\t\t<\/div>\n\t\t<\/div>\n\t\t<div class=\"ast-row\">\n\t\t\t\n\t\t\t<div class=\"ast-col-md-3\">\n\t\t\t\tDeadline: <span class=\"nowrap\">19.05.2026<\/span>\n\t\t\t<\/div>\n\t\t<\/div>\n\t\t<div class=\"ast-row\">\n\t\t\t<div class=\"ast-col-md-6\">\n\t\t\t\t\n\t\t\t\t\t<a href=\"https:\/\/www.metafina.de\/wp-content\/uploads\/20260519-Mori-Eastern-Europe-Fund.pdf\" target=\"_blank\">\n\t\t\t\t\t\t<button>Komplettes Kaufangebot als PDF ansehen<\/button>\n\t\t\t\t\t<\/a>\n\t\t\t\t\n\t\t\t<\/div>\n            \n            \n\t\t<\/div>\n\t<\/div>\n\n\t<div class=\"post-offer\">\n\t\t<div class=\"ast-row\">\n\t\t\t<div class=\"ast-col-md-12\">\n\t\t\t\t<h2>Kaufangebot von f\u00fcr Fondsanteile des Mori Ottoman<\/h2>\n\t\t\t<\/div>\n\t\t<\/div>\n\t\t<div class=\"ast-row\">\n\t\t\t\n\t\t\t<div class=\"ast-col-md-3\">\n\t\t\t\tDeadline: <span class=\"nowrap\">19.05.2026<\/span>\n\t\t\t<\/div>\n\t\t<\/div>\n\t\t<div class=\"ast-row\">\n\t\t\t<div class=\"ast-col-md-6\">\n\t\t\t\t\n\t\t\t\t\t<a href=\"https:\/\/www.metafina.de\/wp-content\/uploads\/20260519-Mori-Ottoman-Fund.pdf\" target=\"_blank\">\n\t\t\t\t\t\t<button>Komplettes Kaufangebot als PDF ansehen<\/button>\n\t\t\t\t\t<\/a>\n\t\t\t\t\n\t\t\t<\/div>\n            \n            \n\t\t<\/div>\n\t<\/div>\n\n\t<div class=\"post-offer\">\n\t\t<div class=\"ast-row\">\n\t\t\t<div class=\"ast-col-md-12\">\n\t\t\t\t<h2>Kaufangebot von f\u00fcr Fondsanteile des UBS Lux Equity<\/h2>\n\t\t\t<\/div>\n\t\t<\/div>\n\t\t<div class=\"ast-row\">\n\t\t\t\n\t\t\t<div class=\"ast-col-md-3\">\n\t\t\t\tDeadline: <span class=\"nowrap\">20.05.2026<\/span>\n\t\t\t<\/div>\n\t\t<\/div>\n\t\t<div class=\"ast-row\">\n\t\t\t<div class=\"ast-col-md-6\">\n\t\t\t\t\n\t\t\t\t\t<a href=\"https:\/\/www.metafina.de\/wp-content\/uploads\/20260520-UBS-Lux-Equity-Russia-USD.pdf\" target=\"_blank\">\n\t\t\t\t\t\t<button>Komplettes Kaufangebot als PDF ansehen<\/button>\n\t\t\t\t\t<\/a>\n\t\t\t\t\n\t\t\t<\/div>\n            \n            \n\t\t<\/div>\n\t<\/div>\n<\/div>\n\t\t\t\t<\/div>\n\t\t\t\t<\/div>\n\t\t\t\t\t\t<\/div>\n\t\t\t\t\t<\/div>\n\t\t<\/div>\n\t\t\t\t\t\t\t\t<\/div>\n\t\t\t\t\t<\/div>\n\t\t<\/section>\n\t\t\t\t<section class=\"elementor-section elementor-top-section elementor-element elementor-element-7eaa944 elementor-section-boxed elementor-section-height-default elementor-section-height-default\" data-id=\"7eaa944\" data-element_type=\"section\">\n\t\t\t\t\t\t<div class=\"elementor-container elementor-column-gap-default\">\n\t\t\t\t\t\t\t<div class=\"elementor-row\">\n\t\t\t\t\t<div class=\"elementor-column elementor-col-100 elementor-top-column elementor-element elementor-element-36244ac\" data-id=\"36244ac\" data-element_type=\"column\">\n\t\t\t<div class=\"elementor-column-wrap elementor-element-populated\">\n\t\t\t\t\t\t\t<div class=\"elementor-widget-wrap\">\n\t\t\t\t\t\t<div class=\"elementor-element elementor-element-29baba7 elementor-widget elementor-widget-heading\" data-id=\"29baba7\" data-element_type=\"widget\" data-widget_type=\"heading.default\">\n\t\t\t\t<div class=\"elementor-widget-container\">\n\t\t\t<h2 class=\"elementor-heading-title elementor-size-default\">Your security is not listed?<\/h2>\t\t<\/div>\n\t\t\t\t<\/div>\n\t\t\t\t<div class=\"elementor-element elementor-element-2500a25 elementor-widget elementor-widget-text-editor\" data-id=\"2500a25\" data-element_type=\"widget\" data-widget_type=\"text-editor.default\">\n\t\t\t\t<div class=\"elementor-widget-container\">\n\t\t\t\t\t\t\t\t<div class=\"elementor-text-editor elementor-clearfix\">\n\t\t\t\t<p>If you own securities that you would like to sell, for example for tax reasons, you are welcome to contact us.<\/p>\t\t\t\t\t<\/div>\n\t\t\t\t\t\t<\/div>\n\t\t\t\t<\/div>\n\t\t\t\t<div class=\"elementor-element elementor-element-25992ed elementor-widget elementor-widget-button\" data-id=\"25992ed\" data-element_type=\"widget\" data-widget_type=\"button.default\">\n\t\t\t\t<div class=\"elementor-widget-container\">\n\t\t\t\t\t<div class=\"elementor-button-wrapper\">\n\t\t\t<a href=\"\/en\/aktienankauf\/\" class=\"elementor-button-link elementor-button elementor-size-sm\" role=\"button\">\n\t\t\t\t\t\t<span class=\"elementor-button-content-wrapper\">\n\t\t\t\t\t\t<span class=\"elementor-button-text\">Learn more about security purchasing<\/span>\n\t\t<\/span>\n\t\t\t\t\t<\/a>\n\t\t<\/div>\n\t\t\t\t<\/div>\n\t\t\t\t<\/div>\n\t\t\t\t\t\t<\/div>\n\t\t\t\t\t<\/div>\n\t\t<\/div>\n\t\t\t\t\t\t\t\t<\/div>\n\t\t\t\t\t<\/div>\n\t\t<\/section>\n\t\t\t\t\t\t\t\t\t<\/div>\n\t\t\t<\/div>\n\t\t\t\t\t<\/div>","protected":false},"excerpt":{"rendered":"<p>Diese Wertpapiere kaufen wir aktuell an. Ihr Wertpapier ist nicht dabei? Falls Sie Inhaber von Wertpapieren sind, die Sie gerne &#8211; z.B. aus steuerlichen Gr\u00fcnden &#8211; ver\u00e4u\u00dfern m\u00f6chten, k\u00f6nnen Sie sich gerne an uns wenden. Mehr zum Thema Aktienankauf erfahren<\/p>","protected":false},"author":2,"featured_media":0,"parent":0,"menu_order":0,"comment_status":"closed","ping_status":"closed","template":"","meta":[],"acf":[],"_links":{"self":[{"href":"https:\/\/www.metafina.de\/en\/wp-json\/wp\/v2\/pages\/12"}],"collection":[{"href":"https:\/\/www.metafina.de\/en\/wp-json\/wp\/v2\/pages"}],"about":[{"href":"https:\/\/www.metafina.de\/en\/wp-json\/wp\/v2\/types\/page"}],"author":[{"embeddable":true,"href":"https:\/\/www.metafina.de\/en\/wp-json\/wp\/v2\/users\/2"}],"replies":[{"embeddable":true,"href":"https:\/\/www.metafina.de\/en\/wp-json\/wp\/v2\/comments?post=12"}],"version-history":[{"count":48,"href":"https:\/\/www.metafina.de\/en\/wp-json\/wp\/v2\/pages\/12\/revisions"}],"predecessor-version":[{"id":1113,"href":"https:\/\/www.metafina.de\/en\/wp-json\/wp\/v2\/pages\/12\/revisions\/1113"}],"wp:attachment":[{"href":"https:\/\/www.metafina.de\/en\/wp-json\/wp\/v2\/media?parent=12"}],"curies":[{"name":"wp","href":"https:\/\/api.w.org\/{rel}","templated":true}]}}